{"id":8000,"date":"2022-07-04T12:37:37","date_gmt":"2022-07-04T17:37:37","guid":{"rendered":"https:\/\/www.henco.com.mx\/?page_id=8000"},"modified":"2024-09-30T13:18:53","modified_gmt":"2024-09-30T19:18:53","slug":"cotizar","status":"publish","type":"page","link":"https:\/\/www.henco.com.mx\/en\/cotizar\/","title":{"rendered":"Cotizar"},"content":{"rendered":"\t\t<div data-elementor-type=\"wp-page\" data-elementor-id=\"8000\" class=\"elementor elementor-8000\" data-elementor-settings=\"{&quot;ha_cmc_init_switcher&quot;:&quot;no&quot;}\" data-elementor-post-type=\"page\">\n\t\t\t\t\t\t<section data-particle_enable=\"false\" data-particle-mobile-disabled=\"false\" class=\"elementor-section elementor-top-section elementor-element elementor-element-4f32862 elementor-section-full_width elementor-section-height-default elementor-section-height-default\" data-id=\"4f32862\" data-element_type=\"section\" data-e-type=\"section\" data-settings=\"{&quot;background_background&quot;:&quot;classic&quot;,&quot;_ha_eqh_enable&quot;:false}\">\n\t\t\t\t\t\t<div class=\"elementor-container elementor-column-gap-wider\">\n\t\t\t\t\t<div class=\"elementor-column elementor-col-50 elementor-top-column elementor-element elementor-element-3aa0ff7\" data-id=\"3aa0ff7\" data-element_type=\"column\" data-e-type=\"column\" data-settings=\"{&quot;background_background&quot;:&quot;classic&quot;}\">\n\t\t\t<div class=\"elementor-widget-wrap elementor-element-populated\">\n\t\t\t\t\t<div class=\"elementor-background-overlay\"><\/div>\n\t\t\t\t\t\t<div class=\"elementor-element elementor-element-3f15d0f elementor-widget elementor-widget-heading\" data-id=\"3f15d0f\" data-element_type=\"widget\" data-e-type=\"widget\" data-widget_type=\"heading.default\">\n\t\t\t\t<div class=\"elementor-widget-container\">\n\t\t\t\t\t<h1 class=\"elementor-heading-title elementor-size-default\">COTIZAR<\/h1>\t\t\t\t<\/div>\n\t\t\t\t<\/div>\n\t\t\t\t<div class=\"elementor-element elementor-element-841e301 elementor-widget elementor-widget-text-editor\" data-id=\"841e301\" data-element_type=\"widget\" data-e-type=\"widget\" data-widget_type=\"text-editor.default\">\n\t\t\t\t<div class=\"elementor-widget-container\">\n\t\t\t\t\t\t\t\t\t<div class=\"center-both content\"><div class=\"carousel-1\"><div class=\"sub-text\"><div>Agradecemos tu inter\u00e9s<br \/>por nuestros servicios<\/div><\/div><\/div><div class=\"wrapper-divider\"><div class=\"divider\"><div>\u00a0<\/div><\/div><\/div><\/div>\t\t\t\t\t\t\t\t<\/div>\n\t\t\t\t<\/div>\n\t\t\t\t<div class=\"elementor-element elementor-element-dc4dd8d animated-slow elementor-invisible elementor-widget elementor-widget-eael-divider\" data-id=\"dc4dd8d\" data-element_type=\"widget\" data-e-type=\"widget\" data-settings=\"{&quot;_animation&quot;:&quot;fadeInRight&quot;}\" data-widget_type=\"eael-divider.default\">\n\t\t\t\t<div class=\"elementor-widget-container\">\n\t\t\t\t\t\t\t<div class=\"eael-divider-wrap divider-direction-horizontal\">\n\t\t\t\t\t\t\t<div class=\"eael-divider horizontal solid\"><\/div>\n\t\t\t\t\t<\/div>\n\t\t\t\t<\/div>\n\t\t\t\t<\/div>\n\t\t\t\t\t<\/div>\n\t\t<\/div>\n\t\t\t\t<div class=\"elementor-column elementor-col-50 elementor-top-column elementor-element elementor-element-906567b\" data-id=\"906567b\" data-element_type=\"column\" data-e-type=\"column\" data-settings=\"{&quot;background_background&quot;:&quot;classic&quot;}\">\n\t\t\t<div class=\"elementor-widget-wrap elementor-element-populated\">\n\t\t\t\t\t\t<div class=\"elementor-element elementor-element-360d5ac elementor-button-align-start elementor-mobile-button-align-center elementor-widget elementor-widget-form\" data-id=\"360d5ac\" data-element_type=\"widget\" data-e-type=\"widget\" data-settings=\"{&quot;step_next_label&quot;:&quot;Next&quot;,&quot;step_previous_label&quot;:&quot;Previous&quot;,&quot;button_width&quot;:&quot;100&quot;,&quot;step_type&quot;:&quot;number_text&quot;,&quot;step_icon_shape&quot;:&quot;circle&quot;}\" data-widget_type=\"form.default\">\n\t\t\t\t<div class=\"elementor-widget-container\">\n\t\t\t\t\t\t\t<form class=\"elementor-form\" method=\"post\" name=\"Formulario Cotizador\" aria-label=\"Formulario Cotizador\">\n\t\t\t<input type=\"hidden\" name=\"post_id\" value=\"8000\"\/>\n\t\t\t<input type=\"hidden\" name=\"form_id\" value=\"360d5ac\"\/>\n\t\t\t<input type=\"hidden\" name=\"referer_title\" value=\"HENCO\" \/>\n\n\t\t\t\n\t\t\t<div class=\"elementor-form-fields-wrapper elementor-labels-\">\n\t\t\t\t\t\t\t\t<div class=\"elementor-field-type-text elementor-field-group elementor-column elementor-field-group-Nombre elementor-col-50 elementor-sm-100 elementor-field-required\">\n\t\t\t\t\t\t\t\t\t\t\t\t<label for=\"form-field-Nombre\" class=\"elementor-field-label elementor-screen-only\">\n\t\t\t\t\t\t\t\tNombre\t\t\t\t\t\t\t<\/label>\n\t\t\t\t\t\t\t\t\t\t\t\t\t\t<input size=\"1\" type=\"text\" name=\"form_fields[Nombre]\" id=\"form-field-Nombre\" class=\"elementor-field elementor-size-md  elementor-field-textual\" placeholder=\"Nombre\" required=\"required\">\n\t\t\t\t\t\t\t\t\t\t\t<\/div>\n\t\t\t\t\t\t\t\t<div class=\"elementor-field-type-text elementor-field-group elementor-column elementor-field-group-Apellidos elementor-col-50 elementor-sm-100 elementor-field-required\">\n\t\t\t\t\t\t\t\t\t\t\t\t<label for=\"form-field-Apellidos\" class=\"elementor-field-label elementor-screen-only\">\n\t\t\t\t\t\t\t\tApellidos\t\t\t\t\t\t\t<\/label>\n\t\t\t\t\t\t\t\t\t\t\t\t\t\t<input size=\"1\" type=\"text\" name=\"form_fields[Apellidos]\" id=\"form-field-Apellidos\" class=\"elementor-field elementor-size-md  elementor-field-textual\" placeholder=\"Apellidos\" required=\"required\">\n\t\t\t\t\t\t\t\t\t\t\t<\/div>\n\t\t\t\t\t\t\t\t<div class=\"elementor-field-type-text elementor-field-group elementor-column elementor-field-group-Empresa elementor-col-50 elementor-sm-100 elementor-field-required\">\n\t\t\t\t\t\t\t\t\t\t\t\t<label for=\"form-field-Empresa\" class=\"elementor-field-label elementor-screen-only\">\n\t\t\t\t\t\t\t\tEmpresa\t\t\t\t\t\t\t<\/label>\n\t\t\t\t\t\t\t\t\t\t\t\t\t\t<input size=\"1\" type=\"text\" name=\"form_fields[Empresa]\" id=\"form-field-Empresa\" class=\"elementor-field elementor-size-md  elementor-field-textual\" placeholder=\"Empresa\" required=\"required\">\n\t\t\t\t\t\t\t\t\t\t\t<\/div>\n\t\t\t\t\t\t\t\t<div class=\"elementor-field-type-email elementor-field-group elementor-column elementor-field-group-email elementor-col-50 elementor-sm-100 elementor-field-required\">\n\t\t\t\t\t\t\t\t\t\t\t\t<label for=\"form-field-email\" class=\"elementor-field-label elementor-screen-only\">\n\t\t\t\t\t\t\t\tE-mail\t\t\t\t\t\t\t<\/label>\n\t\t\t\t\t\t\t\t\t\t\t\t\t\t<input size=\"1\" type=\"email\" name=\"form_fields[email]\" id=\"form-field-email\" class=\"elementor-field elementor-size-md  elementor-field-textual\" placeholder=\"E-mail\" required=\"required\">\n\t\t\t\t\t\t\t\t\t\t\t<\/div>\n\t\t\t\t\t\t\t\t<div class=\"elementor-field-type-tel elementor-field-group elementor-column elementor-field-group-Celular elementor-col-50 elementor-sm-100\">\n\t\t\t\t\t\t\t\t\t\t\t\t<label for=\"form-field-Celular\" class=\"elementor-field-label elementor-screen-only\">\n\t\t\t\t\t\t\t\tCelular\t\t\t\t\t\t\t<\/label>\n\t\t\t\t\t\t\t\t<input size=\"1\" type=\"tel\" name=\"form_fields[Celular]\" id=\"form-field-Celular\" class=\"elementor-field elementor-size-md  elementor-field-textual\" placeholder=\"Celular\" pattern=\"[0-9()#&amp;+*-=.]+\" title=\"Only numbers and phone characters (#, -, *, etc) are accepted.\">\n\n\t\t\t\t\t\t<\/div>\n\t\t\t\t\t\t\t\t<div class=\"elementor-field-type-text elementor-field-group elementor-column elementor-field-group-Ubicacion_Empresa elementor-col-50 elementor-sm-100 elementor-field-required\">\n\t\t\t\t\t\t\t\t\t\t\t\t<label for=\"form-field-Ubicacion_Empresa\" class=\"elementor-field-label elementor-screen-only\">\n\t\t\t\t\t\t\t\tUbicaci\u00f3n de su Empresa\t\t\t\t\t\t\t<\/label>\n\t\t\t\t\t\t\t\t\t\t\t\t\t\t<input size=\"1\" type=\"text\" name=\"form_fields[Ubicacion_Empresa]\" id=\"form-field-Ubicacion_Empresa\" class=\"elementor-field elementor-size-md  elementor-field-textual\" placeholder=\"Ubicaci\u00f3n de su Empresa\" required=\"required\">\n\t\t\t\t\t\t\t\t\t\t\t<\/div>\n\t\t\t\t\t\t\t\t<div class=\"elementor-field-type-select elementor-field-group elementor-column elementor-field-group-Tipo_industria elementor-col-100 elementor-field-required\">\n\t\t\t\t\t\t\t\t\t\t\t\t<label for=\"form-field-Tipo_industria\" class=\"elementor-field-label elementor-screen-only\">\n\t\t\t\t\t\t\t\tTipo de Industria\t\t\t\t\t\t\t<\/label>\n\t\t\t\t\t\t\t\t<div class=\"elementor-field elementor-select-wrapper remove-before \">\n\t\t\t<div class=\"select-caret-down-wrapper\">\n\t\t\t\t<i aria-hidden=\"true\" class=\"eicon-caret-down\"><\/i>\t\t\t<\/div>\n\t\t\t<select name=\"form_fields[Tipo_industria]\" id=\"form-field-Tipo_industria\" class=\"elementor-field-textual elementor-size-md\" required=\"required\">\n\t\t\t\t\t\t\t\t\t<option value=\"Tipo de industria\">Tipo de industria<\/option>\n\t\t\t\t\t\t\t\t\t<option value=\"industria_pesada\">Industria pesada<\/option>\n\t\t\t\t\t\t\t\t\t<option value=\"siderurgica\">Sider\u00fargica<\/option>\n\t\t\t\t\t\t\t\t\t<option value=\"metalugrcia\">Metal\u00fargica<\/option>\n\t\t\t\t\t\t\t\t\t<option value=\"cementera\">Cementera<\/option>\n\t\t\t\t\t\t\t\t\t<option value=\"quimica\">Qu\u00edmica<\/option>\n\t\t\t\t\t\t\t\t\t<option value=\"retail\">Retail<\/option>\n\t\t\t\t\t\t\t\t\t<option value=\"pisos_y_ceramica\">Piso y cer\u00e1mica<\/option>\n\t\t\t\t\t\t\t\t\t<option value=\"petroquimica\">Petroqu\u00edmica<\/option>\n\t\t\t\t\t\t\t\t\t<option value=\"automovilistica\">Automovil\u00edstica<\/option>\n\t\t\t\t\t\t\t\t\t<option value=\"industria_ligera\">Industria ligera<\/option>\n\t\t\t\t\t\t\t\t\t<option value=\"alimentacion\">Alimentaci\u00f3n<\/option>\n\t\t\t\t\t\t\t\t\t<option value=\"mueblera\">Mueblera<\/option>\n\t\t\t\t\t\t\t\t\t<option value=\"textil\">Textil<\/option>\n\t\t\t\t\t\t\t\t\t<option value=\"farmaceutica\">Farmac\u00e9utica<\/option>\n\t\t\t\t\t\t\t\t\t<option value=\"tecnologica\">Tecnol\u00f3gica<\/option>\n\t\t\t\t\t\t\t\t\t<option value=\"robotica\">Rob\u00f3tica<\/option>\n\t\t\t\t\t\t\t\t\t<option value=\"informatica\">Inform\u00e1tica<\/option>\n\t\t\t\t\t\t\t\t\t<option value=\"astronautica\">Astron\u00e1utica<\/option>\n\t\t\t\t\t\t\t\t\t<option value=\"metal_mecanica\">Metal, mec\u00e1nica<\/option>\n\t\t\t\t\t\t\t\t\t<option value=\"aeroespacial\">Aeroespacial<\/option>\n\t\t\t\t\t\t\t\t\t<option value=\"agroquimica\">Agroqu\u00edmica<\/option>\n\t\t\t\t\t\t\t\t\t<option value=\"otra_industria\">Otra industria<\/option>\n\t\t\t\t\t\t\t<\/select>\n\t\t<\/div>\n\t\t\t\t\t\t<\/div>\n\t\t\t\t\t\t\t\t<div class=\"elementor-field-type-html elementor-field-group elementor-column elementor-field-group-field_0c72437 elementor-col-100\">\n\t\t\t\t\t<p>Servicios a Cotizar<\/p>\t\t\t\t<\/div>\n\t\t\t\t\t\t\t\t<div class=\"elementor-field-type-checkbox elementor-field-group elementor-column elementor-field-group-field_29cbd72 elementor-col-100\">\n\t\t\t\t\t\t\t\t\t\t\t\t<label for=\"form-field-field_29cbd72\" class=\"elementor-field-label elementor-screen-only\">\n\t\t\t\t\t\t\t\tServicios para cotizar\t\t\t\t\t\t\t<\/label>\n\t\t\t\t\t\t<div class=\"elementor-field-subgroup  elementor-subgroup-inline\"><span class=\"elementor-field-option\"><input type=\"checkbox\" value=\"transportacion_maritima\" id=\"form-field-field_29cbd72-0\" name=\"form_fields[field_29cbd72][]\"> <label for=\"form-field-field_29cbd72-0\">Transportaci\u00f3n Mar\u00edtima<\/label><\/span><span class=\"elementor-field-option\"><input type=\"checkbox\" value=\"transportacion_aerea\" id=\"form-field-field_29cbd72-1\" name=\"form_fields[field_29cbd72][]\"> <label for=\"form-field-field_29cbd72-1\">Transportaci\u00f3n A\u00e9rea<\/label><\/span><span class=\"elementor-field-option\"><input type=\"checkbox\" value=\"transportacion_terrestre\" id=\"form-field-field_29cbd72-2\" name=\"form_fields[field_29cbd72][]\"> <label for=\"form-field-field_29cbd72-2\">Transportaci\u00f3n Terrestre<\/label><\/span><span class=\"elementor-field-option\"><input type=\"checkbox\" value=\"transporacion_intermodal\" id=\"form-field-field_29cbd72-3\" name=\"form_fields[field_29cbd72][]\"> <label for=\"form-field-field_29cbd72-3\">Transportaci\u00f3n Intermodal<\/label><\/span><span class=\"elementor-field-option\"><input type=\"checkbox\" value=\"carga_proyecto\" id=\"form-field-field_29cbd72-4\" name=\"form_fields[field_29cbd72][]\"> <label for=\"form-field-field_29cbd72-4\">Carga Proyecto<\/label><\/span><span class=\"elementor-field-option\"><input type=\"checkbox\" value=\"seguro_transporte\" id=\"form-field-field_29cbd72-5\" name=\"form_fields[field_29cbd72][]\"> <label for=\"form-field-field_29cbd72-5\">Seguro de Transporte<\/label><\/span><span class=\"elementor-field-option\"><input type=\"checkbox\" value=\"inspecciones_en_origen\" id=\"form-field-field_29cbd72-6\" name=\"form_fields[field_29cbd72][]\"> <label for=\"form-field-field_29cbd72-6\">Inspecciones en origen<\/label><\/span><span class=\"elementor-field-option\"><input type=\"checkbox\" value=\"tramites_aduanales_y_requisitos_legales\" id=\"form-field-field_29cbd72-7\" name=\"form_fields[field_29cbd72][]\"> <label for=\"form-field-field_29cbd72-7\">Tr\u00e1mites aduanales y requisitos legales<\/label><\/span><span class=\"elementor-field-option\"><input type=\"checkbox\" value=\"comercializadora\" id=\"form-field-field_29cbd72-8\" name=\"form_fields[field_29cbd72][]\"> <label for=\"form-field-field_29cbd72-8\">Comercializadora<\/label><\/span><span class=\"elementor-field-option\"><input type=\"checkbox\" value=\"almacenaje_y_distribucion\" id=\"form-field-field_29cbd72-9\" name=\"form_fields[field_29cbd72][]\"> <label for=\"form-field-field_29cbd72-9\">Almacenaje y distribuci\u00f3n<\/label><\/span><\/div>\t\t\t\t<\/div>\n\t\t\t\t\t\t\t\t<div class=\"elementor-field-type-text elementor-field-group elementor-column elementor-field-group-descripcion_producto elementor-col-100 elementor-field-required\">\n\t\t\t\t\t\t\t\t\t\t\t\t<label for=\"form-field-descripcion_producto\" class=\"elementor-field-label elementor-screen-only\">\n\t\t\t\t\t\t\t\tDescripci\u00f3n del producto\t\t\t\t\t\t\t<\/label>\n\t\t\t\t\t\t\t\t\t\t\t\t\t\t<input size=\"1\" type=\"text\" name=\"form_fields[descripcion_producto]\" id=\"form-field-descripcion_producto\" class=\"elementor-field elementor-size-md  elementor-field-textual\" placeholder=\"Descripci\u00f3n del producto\" required=\"required\">\n\t\t\t\t\t\t\t\t\t\t\t<\/div>\n\t\t\t\t\t\t\t\t<div class=\"elementor-field-type-text elementor-field-group elementor-column elementor-field-group-pais_origen elementor-col-50 elementor-sm-100 elementor-field-required\">\n\t\t\t\t\t\t\t\t\t\t\t\t<label for=\"form-field-pais_origen\" class=\"elementor-field-label elementor-screen-only\">\n\t\t\t\t\t\t\t\tPa\u00eds de origen\t\t\t\t\t\t\t<\/label>\n\t\t\t\t\t\t\t\t\t\t\t\t\t\t<input size=\"1\" type=\"text\" name=\"form_fields[pais_origen]\" id=\"form-field-pais_origen\" class=\"elementor-field elementor-size-md  elementor-field-textual\" placeholder=\"Pa\u00eds de origen\" required=\"required\">\n\t\t\t\t\t\t\t\t\t\t\t<\/div>\n\t\t\t\t\t\t\t\t<div class=\"elementor-field-type-text elementor-field-group elementor-column elementor-field-group-pais_destino elementor-col-50 elementor-sm-100 elementor-field-required\">\n\t\t\t\t\t\t\t\t\t\t\t\t<label for=\"form-field-pais_destino\" class=\"elementor-field-label elementor-screen-only\">\n\t\t\t\t\t\t\t\tPa\u00eds de destino\t\t\t\t\t\t\t<\/label>\n\t\t\t\t\t\t\t\t\t\t\t\t\t\t<input size=\"1\" type=\"text\" name=\"form_fields[pais_destino]\" id=\"form-field-pais_destino\" class=\"elementor-field elementor-size-md  elementor-field-textual\" placeholder=\"Pa\u00eds de destino\" required=\"required\">\n\t\t\t\t\t\t\t\t\t\t\t<\/div>\n\t\t\t\t\t\t\t\t<div class=\"elementor-field-type-text elementor-field-group elementor-column elementor-field-group-tarifa_esperada elementor-col-100 elementor-field-required\">\n\t\t\t\t\t\t\t\t\t\t\t\t<label for=\"form-field-tarifa_esperada\" class=\"elementor-field-label elementor-screen-only\">\n\t\t\t\t\t\t\t\tTarifa esperada\t\t\t\t\t\t\t<\/label>\n\t\t\t\t\t\t\t\t\t\t\t\t\t\t<input size=\"1\" type=\"text\" name=\"form_fields[tarifa_esperada]\" id=\"form-field-tarifa_esperada\" class=\"elementor-field elementor-size-md  elementor-field-textual\" placeholder=\"Tarifa esperada\" required=\"required\">\n\t\t\t\t\t\t\t\t\t\t\t<\/div>\n\t\t\t\t\t\t\t\t<div class=\"elementor-field-type-textarea elementor-field-group elementor-column elementor-field-group-mensaje elementor-col-100\">\n\t\t\t\t\t\t\t\t\t\t\t\t<label for=\"form-field-mensaje\" class=\"elementor-field-label elementor-screen-only\">\n\t\t\t\t\t\t\t\tMensaje\t\t\t\t\t\t\t<\/label>\n\t\t\t\t\t\t<textarea class=\"elementor-field-textual elementor-field  elementor-size-md\" name=\"form_fields[mensaje]\" id=\"form-field-mensaje\" rows=\"2\" placeholder=\"Mensaje\"><\/textarea>\t\t\t\t<\/div>\n\t\t\t\t\t\t\t\t<div class=\"elementor-field-type-recaptcha_v3 elementor-field-group elementor-column elementor-field-group-field_919b21e elementor-col-100 recaptcha_v3-inline\">\n\t\t\t\t\t<div class=\"elementor-field\" id=\"form-field-field_919b21e\"><div class=\"elementor-g-recaptcha\" data-sitekey=\"6Le041MqAAAAAPLxyPVvVPHqHTofj0EkF0PTGvvS\" data-type=\"v3\" data-action=\"Form\" data-badge=\"inline\" data-size=\"invisible\"><\/div><\/div>\t\t\t\t<\/div>\n\t\t\t\t\t\t\t\t<div class=\"elementor-field-type-acceptance elementor-field-group elementor-column elementor-field-group-Acepto_Aviso_privacidad elementor-col-100 elementor-field-required\">\n\t\t\t\t\t\t\t\t\t\t\t\t<label for=\"form-field-Acepto_Aviso_privacidad\" class=\"elementor-field-label elementor-screen-only\">\n\t\t\t\t\t\t\t\tAcepto el aviso de privacidad\t\t\t\t\t\t\t<\/label>\n\t\t\t\t\t\t\t\t<div class=\"elementor-field-subgroup\">\n\t\t\t<span class=\"elementor-field-option\">\n\t\t\t\t<input type=\"checkbox\" name=\"form_fields[Acepto_Aviso_privacidad]\" id=\"form-field-Acepto_Aviso_privacidad\" class=\"elementor-field elementor-size-md  elementor-acceptance-field\" required=\"required\">\n\t\t\t\t<label for=\"form-field-Acepto_Aviso_privacidad\">Acepto el <a href=\"https:\/\/www.henco.com.mx\/aviso-de-privacidad\/\" target=\"_blank\">aviso de privacidad<\/a><\/label>\t\t\t<\/span>\n\t\t<\/div>\n\t\t\t\t\t\t<\/div>\n\t\t\t\t\t\t\t\t<div class=\"elementor-field-group elementor-column elementor-field-type-submit elementor-col-100 e-form__buttons\">\n\t\t\t\t\t<button class=\"elementor-button elementor-size-md elementor-animation-shrink\" type=\"submit\">\n\t\t\t\t\t\t<span class=\"elementor-button-content-wrapper\">\n\t\t\t\t\t\t\t\t\t\t\t\t\t\t\t\t\t\t\t\t\t\t<span class=\"elementor-button-text\">ENVIAR<\/span>\n\t\t\t\t\t\t\t\t\t\t\t\t\t<\/span>\n\t\t\t\t\t<\/button>\n\t\t\t\t<\/div>\n\t\t\t<\/div>\n\t\t<\/form>\n\t\t\t\t\t\t<\/div>\n\t\t\t\t<\/div>\n\t\t\t\t\t<\/div>\n\t\t<\/div>\n\t\t\t\t\t<\/div>\n\t\t<\/section>\n\t\t\t\t<\/div>\n\t\t","protected":false},"excerpt":{"rendered":"<p>COTIZAR Agradecemos tu inter\u00e9spor nuestros servicios\u00a0<\/p>","protected":false},"author":5,"featured_media":0,"parent":0,"menu_order":0,"comment_status":"closed","ping_status":"closed","template":"","meta":{"footnotes":""},"class_list":["post-8000","page","type-page","status-publish","hentry"],"yoast_head":"<!-- This site is optimized with the Yoast SEO plugin v27.5 - https:\/\/yoast.com\/product\/yoast-seo-wordpress\/ -->\n<title>Cotizar - HENCO<\/title>\n<meta name=\"description\" content=\"Obt\u00e9n cotizaciones r\u00e1pidas y competitivas de importaci\u00f3n y exportaci\u00f3n. Agradecemos tu inter\u00e9s por nuestros servicios.\" \/>\n<meta name=\"robots\" content=\"index, follow, max-snippet:-1, max-image-preview:large, max-video-preview:-1\" \/>\n<link rel=\"canonical\" href=\"https:\/\/www.henco.com.mx\/en\/cotizar\/\" \/>\n<meta property=\"og:locale\" content=\"en_US\" \/>\n<meta property=\"og:type\" content=\"article\" \/>\n<meta property=\"og:title\" content=\"Cotizar - HENCO\" \/>\n<meta property=\"og:description\" content=\"Obt\u00e9n cotizaciones r\u00e1pidas y competitivas de importaci\u00f3n y exportaci\u00f3n. Agradecemos tu inter\u00e9s por nuestros servicios.\" \/>\n<meta property=\"og:url\" content=\"https:\/\/www.henco.com.mx\/en\/cotizar\/\" \/>\n<meta property=\"og:site_name\" content=\"HENCO\" \/>\n<meta property=\"article:publisher\" content=\"https:\/\/www.facebook.com\/hencoglobal\" \/>\n<meta property=\"article:modified_time\" content=\"2024-09-30T19:18:53+00:00\" \/>\n<meta name=\"twitter:card\" content=\"summary_large_image\" \/>\n<meta name=\"twitter:label1\" content=\"Est. reading time\" \/>\n\t<meta name=\"twitter:data1\" content=\"1 minute\" \/>\n<script type=\"application\/ld+json\" class=\"yoast-schema-graph\">{\"@context\":\"https:\\\/\\\/schema.org\",\"@graph\":[{\"@type\":\"WebPage\",\"@id\":\"https:\\\/\\\/www.henco.com.mx\\\/cotizar\\\/\",\"url\":\"https:\\\/\\\/www.henco.com.mx\\\/cotizar\\\/\",\"name\":\"Cotizar - HENCO\",\"isPartOf\":{\"@id\":\"https:\\\/\\\/www.henco.com.mx\\\/#website\"},\"datePublished\":\"2022-07-04T17:37:37+00:00\",\"dateModified\":\"2024-09-30T19:18:53+00:00\",\"description\":\"Obt\u00e9n cotizaciones r\u00e1pidas y competitivas de importaci\u00f3n y exportaci\u00f3n. Agradecemos tu inter\u00e9s por nuestros servicios.\",\"breadcrumb\":{\"@id\":\"https:\\\/\\\/www.henco.com.mx\\\/cotizar\\\/#breadcrumb\"},\"inLanguage\":\"en-US\",\"potentialAction\":[{\"@type\":\"ReadAction\",\"target\":[\"https:\\\/\\\/www.henco.com.mx\\\/cotizar\\\/\"]}]},{\"@type\":\"BreadcrumbList\",\"@id\":\"https:\\\/\\\/www.henco.com.mx\\\/cotizar\\\/#breadcrumb\",\"itemListElement\":[{\"@type\":\"ListItem\",\"position\":1,\"name\":\"Home\",\"item\":\"https:\\\/\\\/www.henco.com.mx\\\/\"},{\"@type\":\"ListItem\",\"position\":2,\"name\":\"Cotizar\"}]},{\"@type\":\"WebSite\",\"@id\":\"https:\\\/\\\/www.henco.com.mx\\\/#website\",\"url\":\"https:\\\/\\\/www.henco.com.mx\\\/\",\"name\":\"Henco\",\"description\":\"Soluciones integrales de log&iacute;stica y transporte\",\"publisher\":{\"@id\":\"https:\\\/\\\/www.henco.com.mx\\\/#organization\"},\"potentialAction\":[{\"@type\":\"SearchAction\",\"target\":{\"@type\":\"EntryPoint\",\"urlTemplate\":\"https:\\\/\\\/www.henco.com.mx\\\/?s={search_term_string}\"},\"query-input\":{\"@type\":\"PropertyValueSpecification\",\"valueRequired\":true,\"valueName\":\"search_term_string\"}}],\"inLanguage\":\"en-US\"},{\"@type\":\"Organization\",\"@id\":\"https:\\\/\\\/www.henco.com.mx\\\/#organization\",\"name\":\"Henco Global\",\"url\":\"https:\\\/\\\/www.henco.com.mx\\\/\",\"logo\":{\"@type\":\"ImageObject\",\"inLanguage\":\"en-US\",\"@id\":\"https:\\\/\\\/www.henco.com.mx\\\/#\\\/schema\\\/logo\\\/image\\\/\",\"url\":\"http:\\\/\\\/www.henco.com.mx\\\/wp-content\\\/uploads\\\/2022\\\/11\\\/logo-henco_blog_blanco.png\",\"contentUrl\":\"http:\\\/\\\/www.henco.com.mx\\\/wp-content\\\/uploads\\\/2022\\\/11\\\/logo-henco_blog_blanco.png\",\"width\":591,\"height\":591,\"caption\":\"Henco Global\"},\"image\":{\"@id\":\"https:\\\/\\\/www.henco.com.mx\\\/#\\\/schema\\\/logo\\\/image\\\/\"},\"sameAs\":[\"https:\\\/\\\/www.facebook.com\\\/hencoglobal\",\"https:\\\/\\\/www.instagram.com\\\/hencoglobal\\\/\",\"https:\\\/\\\/www.linkedin.com\\\/company\\\/henco-logistics\\\/\"]}]}<\/script>\n<!-- \/ Yoast SEO plugin. -->","yoast_head_json":{"title":"Cotizar - HENCO","description":"Obt\u00e9n cotizaciones r\u00e1pidas y competitivas de importaci\u00f3n y exportaci\u00f3n. Agradecemos tu inter\u00e9s por nuestros servicios.","robots":{"index":"index","follow":"follow","max-snippet":"max-snippet:-1","max-image-preview":"max-image-preview:large","max-video-preview":"max-video-preview:-1"},"canonical":"https:\/\/www.henco.com.mx\/en\/cotizar\/","og_locale":"en_US","og_type":"article","og_title":"Cotizar - HENCO","og_description":"Obt\u00e9n cotizaciones r\u00e1pidas y competitivas de importaci\u00f3n y exportaci\u00f3n. Agradecemos tu inter\u00e9s por nuestros servicios.","og_url":"https:\/\/www.henco.com.mx\/en\/cotizar\/","og_site_name":"HENCO","article_publisher":"https:\/\/www.facebook.com\/hencoglobal","article_modified_time":"2024-09-30T19:18:53+00:00","twitter_card":"summary_large_image","twitter_misc":{"Est. reading time":"1 minute"},"schema":{"@context":"https:\/\/schema.org","@graph":[{"@type":"WebPage","@id":"https:\/\/www.henco.com.mx\/cotizar\/","url":"https:\/\/www.henco.com.mx\/cotizar\/","name":"Cotizar - HENCO","isPartOf":{"@id":"https:\/\/www.henco.com.mx\/#website"},"datePublished":"2022-07-04T17:37:37+00:00","dateModified":"2024-09-30T19:18:53+00:00","description":"Obt\u00e9n cotizaciones r\u00e1pidas y competitivas de importaci\u00f3n y exportaci\u00f3n. Agradecemos tu inter\u00e9s por nuestros servicios.","breadcrumb":{"@id":"https:\/\/www.henco.com.mx\/cotizar\/#breadcrumb"},"inLanguage":"en-US","potentialAction":[{"@type":"ReadAction","target":["https:\/\/www.henco.com.mx\/cotizar\/"]}]},{"@type":"BreadcrumbList","@id":"https:\/\/www.henco.com.mx\/cotizar\/#breadcrumb","itemListElement":[{"@type":"ListItem","position":1,"name":"Home","item":"https:\/\/www.henco.com.mx\/"},{"@type":"ListItem","position":2,"name":"Cotizar"}]},{"@type":"WebSite","@id":"https:\/\/www.henco.com.mx\/#website","url":"https:\/\/www.henco.com.mx\/","name":"Henco","description":"Soluciones integrales de log&iacute;stica y transporte","publisher":{"@id":"https:\/\/www.henco.com.mx\/#organization"},"potentialAction":[{"@type":"SearchAction","target":{"@type":"EntryPoint","urlTemplate":"https:\/\/www.henco.com.mx\/?s={search_term_string}"},"query-input":{"@type":"PropertyValueSpecification","valueRequired":true,"valueName":"search_term_string"}}],"inLanguage":"en-US"},{"@type":"Organization","@id":"https:\/\/www.henco.com.mx\/#organization","name":"Henco Global","url":"https:\/\/www.henco.com.mx\/","logo":{"@type":"ImageObject","inLanguage":"en-US","@id":"https:\/\/www.henco.com.mx\/#\/schema\/logo\/image\/","url":"https:\/\/www.henco.com.mx\/wp-content\/uploads\/2022\/11\/logo-henco_blog_blanco.png","contentUrl":"https:\/\/www.henco.com.mx\/wp-content\/uploads\/2022\/11\/logo-henco_blog_blanco.png","width":591,"height":591,"caption":"Henco Global"},"image":{"@id":"https:\/\/www.henco.com.mx\/#\/schema\/logo\/image\/"},"sameAs":["https:\/\/www.facebook.com\/hencoglobal","https:\/\/www.instagram.com\/hencoglobal\/","https:\/\/www.linkedin.com\/company\/henco-logistics\/"]}]}},"_links":{"self":[{"href":"https:\/\/www.henco.com.mx\/en\/wp-json\/wp\/v2\/pages\/8000","targetHints":{"allow":["GET"]}}],"collection":[{"href":"https:\/\/www.henco.com.mx\/en\/wp-json\/wp\/v2\/pages"}],"about":[{"href":"https:\/\/www.henco.com.mx\/en\/wp-json\/wp\/v2\/types\/page"}],"author":[{"embeddable":true,"href":"https:\/\/www.henco.com.mx\/en\/wp-json\/wp\/v2\/users\/5"}],"replies":[{"embeddable":true,"href":"https:\/\/www.henco.com.mx\/en\/wp-json\/wp\/v2\/comments?post=8000"}],"version-history":[{"count":0,"href":"https:\/\/www.henco.com.mx\/en\/wp-json\/wp\/v2\/pages\/8000\/revisions"}],"wp:attachment":[{"href":"https:\/\/www.henco.com.mx\/en\/wp-json\/wp\/v2\/media?parent=8000"}],"curies":[{"name":"wp","href":"https:\/\/api.w.org\/{rel}","templated":true}]}}