{"id":9170,"date":"2022-07-14T18:29:27","date_gmt":"2022-07-14T23:29:27","guid":{"rendered":"https:\/\/www.henco.com.mx\/?page_id=9170"},"modified":"2026-04-30T11:23:11","modified_gmt":"2026-04-30T17:23:11","slug":"contacto","status":"publish","type":"page","link":"https:\/\/www.henco.com.mx\/en\/contacto\/","title":{"rendered":"Contacto Henco"},"content":{"rendered":"\t\t<div data-elementor-type=\"wp-page\" data-elementor-id=\"9170\" class=\"elementor elementor-9170\" data-elementor-settings=\"{&quot;ha_cmc_init_switcher&quot;:&quot;no&quot;}\" data-elementor-post-type=\"page\">\n\t\t\t\t\t\t<section data-particle_enable=\"false\" data-particle-mobile-disabled=\"false\" class=\"elementor-section elementor-top-section elementor-element elementor-element-4f32862 elementor-section-full_width elementor-section-height-default elementor-section-height-default\" data-id=\"4f32862\" data-element_type=\"section\" data-e-type=\"section\" data-settings=\"{&quot;background_background&quot;:&quot;classic&quot;,&quot;_ha_eqh_enable&quot;:false}\">\n\t\t\t\t\t\t<div class=\"elementor-container elementor-column-gap-wider\">\n\t\t\t\t\t<div class=\"elementor-column elementor-col-50 elementor-top-column elementor-element elementor-element-3aa0ff7\" data-id=\"3aa0ff7\" data-element_type=\"column\" data-e-type=\"column\" data-settings=\"{&quot;background_background&quot;:&quot;classic&quot;}\">\n\t\t\t<div class=\"elementor-widget-wrap elementor-element-populated\">\n\t\t\t\t\t<div class=\"elementor-background-overlay\"><\/div>\n\t\t\t\t\t\t<div class=\"elementor-element elementor-element-3f15d0f elementor-widget elementor-widget-heading\" data-id=\"3f15d0f\" data-element_type=\"widget\" data-e-type=\"widget\" data-widget_type=\"heading.default\">\n\t\t\t\t<div class=\"elementor-widget-container\">\n\t\t\t\t\t<h1 class=\"elementor-heading-title elementor-size-default\">CONTACTO HENCO<\/h1>\t\t\t\t<\/div>\n\t\t\t\t<\/div>\n\t\t\t\t<div class=\"elementor-element elementor-element-841e301 elementor-widget elementor-widget-text-editor\" data-id=\"841e301\" data-element_type=\"widget\" data-e-type=\"widget\" data-widget_type=\"text-editor.default\">\n\t\t\t\t<div class=\"elementor-widget-container\">\n\t\t\t\t\t\t\t\t\t\u00bfBuscas soluciones en log\u00edstica mar\u00edtima, a\u00e9rea o terrestre, o deseas registrarte como proveedor?\nCompleta el formulario y selecciona tu tipo de solicitud. Nuestro equipo te brindar\u00e1 atenci\u00f3n especializada en transporte, almacenaje y cadena de suministro.\t\t\t\t\t\t\t\t<\/div>\n\t\t\t\t<\/div>\n\t\t\t\t\t<\/div>\n\t\t<\/div>\n\t\t\t\t<div class=\"elementor-column elementor-col-50 elementor-top-column elementor-element elementor-element-906567b\" data-id=\"906567b\" data-element_type=\"column\" data-e-type=\"column\" data-settings=\"{&quot;background_background&quot;:&quot;classic&quot;}\">\n\t\t\t<div class=\"elementor-widget-wrap elementor-element-populated\">\n\t\t\t\t\t\t<div class=\"elementor-element elementor-element-360d5ac elementor-button-align-start elementor-mobile-button-align-center elementor-widget elementor-widget-form\" data-id=\"360d5ac\" data-element_type=\"widget\" data-e-type=\"widget\" data-settings=\"{&quot;step_next_label&quot;:&quot;Next&quot;,&quot;step_previous_label&quot;:&quot;Previous&quot;,&quot;button_width&quot;:&quot;100&quot;,&quot;step_type&quot;:&quot;number_text&quot;,&quot;step_icon_shape&quot;:&quot;circle&quot;}\" data-widget_type=\"form.default\">\n\t\t\t\t<div class=\"elementor-widget-container\">\n\t\t\t\t\t\t\t<form class=\"elementor-form\" method=\"post\" name=\"Formulario Contacto\" aria-label=\"Formulario Contacto\">\n\t\t\t<input type=\"hidden\" name=\"post_id\" value=\"9170\"\/>\n\t\t\t<input type=\"hidden\" name=\"form_id\" value=\"360d5ac\"\/>\n\t\t\t<input type=\"hidden\" name=\"referer_title\" value=\"HENCO\" \/>\n\n\t\t\t\n\t\t\t<div class=\"elementor-form-fields-wrapper elementor-labels-\">\n\t\t\t\t\t\t\t\t<div class=\"elementor-field-type-text elementor-field-group elementor-column elementor-field-group-Nombre elementor-col-100 elementor-sm-100 elementor-field-required\">\n\t\t\t\t\t\t\t\t\t\t\t\t<label for=\"form-field-Nombre\" class=\"elementor-field-label elementor-screen-only\">\n\t\t\t\t\t\t\t\tNombre\t\t\t\t\t\t\t<\/label>\n\t\t\t\t\t\t\t\t\t\t\t\t\t\t<input size=\"1\" type=\"text\" name=\"form_fields[Nombre]\" id=\"form-field-Nombre\" class=\"elementor-field elementor-size-md  elementor-field-textual\" placeholder=\"Nombre\" required=\"required\">\n\t\t\t\t\t\t\t\t\t\t\t<\/div>\n\t\t\t\t\t\t\t\t<div class=\"elementor-field-type-text elementor-field-group elementor-column elementor-field-group-Empresa elementor-col-50 elementor-sm-100 elementor-field-required\">\n\t\t\t\t\t\t\t\t\t\t\t\t<label for=\"form-field-Empresa\" class=\"elementor-field-label elementor-screen-only\">\n\t\t\t\t\t\t\t\tEmpresa\t\t\t\t\t\t\t<\/label>\n\t\t\t\t\t\t\t\t\t\t\t\t\t\t<input size=\"1\" type=\"text\" name=\"form_fields[Empresa]\" id=\"form-field-Empresa\" class=\"elementor-field elementor-size-md  elementor-field-textual\" placeholder=\"Empresa\" required=\"required\">\n\t\t\t\t\t\t\t\t\t\t\t<\/div>\n\t\t\t\t\t\t\t\t<div class=\"elementor-field-type-email elementor-field-group elementor-column elementor-field-group-email elementor-col-50 elementor-sm-100 elementor-field-required\">\n\t\t\t\t\t\t\t\t\t\t\t\t<label for=\"form-field-email\" class=\"elementor-field-label elementor-screen-only\">\n\t\t\t\t\t\t\t\tE-mail\t\t\t\t\t\t\t<\/label>\n\t\t\t\t\t\t\t\t\t\t\t\t\t\t<input size=\"1\" type=\"email\" name=\"form_fields[email]\" id=\"form-field-email\" class=\"elementor-field elementor-size-md  elementor-field-textual\" placeholder=\"E-mail\" required=\"required\">\n\t\t\t\t\t\t\t\t\t\t\t<\/div>\n\t\t\t\t\t\t\t\t<div class=\"elementor-field-type-tel elementor-field-group elementor-column elementor-field-group-Celular elementor-col-50 elementor-sm-100\">\n\t\t\t\t\t\t\t\t\t\t\t\t<label for=\"form-field-Celular\" class=\"elementor-field-label elementor-screen-only\">\n\t\t\t\t\t\t\t\tCelular\t\t\t\t\t\t\t<\/label>\n\t\t\t\t\t\t\t\t<input size=\"1\" type=\"tel\" name=\"form_fields[Celular]\" id=\"form-field-Celular\" class=\"elementor-field elementor-size-md  elementor-field-textual\" placeholder=\"Celular\" pattern=\"[0-9()#&amp;+*-=.]+\" title=\"Only numbers and phone characters (#, -, *, etc) are accepted.\">\n\n\t\t\t\t\t\t<\/div>\n\t\t\t\t\t\t\t\t<div class=\"elementor-field-type-text elementor-field-group elementor-column elementor-field-group-Ubicacion_Empresa elementor-col-50 elementor-sm-100 elementor-field-required\">\n\t\t\t\t\t\t\t\t\t\t\t\t<label for=\"form-field-Ubicacion_Empresa\" class=\"elementor-field-label elementor-screen-only\">\n\t\t\t\t\t\t\t\tUbicaci\u00f3n\t\t\t\t\t\t\t<\/label>\n\t\t\t\t\t\t\t\t\t\t\t\t\t\t<input size=\"1\" type=\"text\" name=\"form_fields[Ubicacion_Empresa]\" id=\"form-field-Ubicacion_Empresa\" class=\"elementor-field elementor-size-md  elementor-field-textual\" placeholder=\"Ubicaci\u00f3n\" required=\"required\">\n\t\t\t\t\t\t\t\t\t\t\t<\/div>\n\t\t\t\t\t\t\t\t<div class=\"elementor-field-type-textarea elementor-field-group elementor-column elementor-field-group-mensaje elementor-col-100\">\n\t\t\t\t\t\t\t\t\t\t\t\t<label for=\"form-field-mensaje\" class=\"elementor-field-label elementor-screen-only\">\n\t\t\t\t\t\t\t\tMensaje\t\t\t\t\t\t\t<\/label>\n\t\t\t\t\t\t<textarea class=\"elementor-field-textual elementor-field  elementor-size-md\" name=\"form_fields[mensaje]\" id=\"form-field-mensaje\" rows=\"2\" placeholder=\"Mensaje\"><\/textarea>\t\t\t\t<\/div>\n\t\t\t\t\t\t\t\t<div class=\"elementor-field-type-acceptance elementor-field-group elementor-column elementor-field-group-Acepto_Aviso_privacidad elementor-col-100 elementor-field-required\">\n\t\t\t\t\t\t\t\t\t\t\t\t<label for=\"form-field-Acepto_Aviso_privacidad\" class=\"elementor-field-label elementor-screen-only\">\n\t\t\t\t\t\t\t\tAcepto el aviso de privacidad\t\t\t\t\t\t\t<\/label>\n\t\t\t\t\t\t\t\t<div class=\"elementor-field-subgroup\">\n\t\t\t<span class=\"elementor-field-option\">\n\t\t\t\t<input type=\"checkbox\" name=\"form_fields[Acepto_Aviso_privacidad]\" id=\"form-field-Acepto_Aviso_privacidad\" class=\"elementor-field elementor-size-md  elementor-acceptance-field\" required=\"required\">\n\t\t\t\t<label for=\"form-field-Acepto_Aviso_privacidad\">Acepto el <a href=\"https:\/\/www.henco.com.mx\/aviso-de-privacidad\/\" target=\"_blank\">aviso de privacidad<\/a><\/label>\t\t\t<\/span>\n\t\t<\/div>\n\t\t\t\t\t\t<\/div>\n\t\t\t\t\t\t\t\t<div class=\"elementor-field-type-recaptcha_v3 elementor-field-group elementor-column elementor-field-group-field_691aecb elementor-col-100 recaptcha_v3-inline\">\n\t\t\t\t\t<div class=\"elementor-field\" id=\"form-field-field_691aecb\"><div class=\"elementor-g-recaptcha\" data-sitekey=\"6Le041MqAAAAAPLxyPVvVPHqHTofj0EkF0PTGvvS\" data-type=\"v3\" data-action=\"Form\" data-badge=\"inline\" data-size=\"invisible\"><\/div><\/div>\t\t\t\t<\/div>\n\t\t\t\t\t\t\t\t<div class=\"elementor-field-group elementor-column elementor-field-type-submit elementor-col-100 e-form__buttons\">\n\t\t\t\t\t<button class=\"elementor-button elementor-size-md elementor-animation-shrink\" type=\"submit\">\n\t\t\t\t\t\t<span class=\"elementor-button-content-wrapper\">\n\t\t\t\t\t\t\t\t\t\t\t\t\t\t\t\t\t\t\t\t\t\t<span class=\"elementor-button-text\">ENVIAR<\/span>\n\t\t\t\t\t\t\t\t\t\t\t\t\t<\/span>\n\t\t\t\t\t<\/button>\n\t\t\t\t<\/div>\n\t\t\t<\/div>\n\t\t<\/form>\n\t\t\t\t\t\t<\/div>\n\t\t\t\t<\/div>\n\t\t\t\t\t<\/div>\n\t\t<\/div>\n\t\t\t\t\t<\/div>\n\t\t<\/section>\n\t\t\t\t<section data-particle_enable=\"false\" data-particle-mobile-disabled=\"false\" class=\"elementor-section elementor-top-section elementor-element elementor-element-32e81c5 elementor-section-full_width elementor-section-height-default elementor-section-height-default\" data-id=\"32e81c5\" data-element_type=\"section\" data-e-type=\"section\" data-settings=\"{&quot;_ha_eqh_enable&quot;:false}\">\n\t\t\t\t\t\t<div class=\"elementor-container elementor-column-gap-default\">\n\t\t\t\t\t<div class=\"elementor-column elementor-col-100 elementor-top-column elementor-element elementor-element-9ce5a91\" data-id=\"9ce5a91\" data-element_type=\"column\" data-e-type=\"column\">\n\t\t\t<div class=\"elementor-widget-wrap elementor-element-populated\">\n\t\t\t\t\t\t<div class=\"elementor-element elementor-element-84355e5 elementor-widget elementor-widget-heading\" data-id=\"84355e5\" data-element_type=\"widget\" data-e-type=\"widget\" data-widget_type=\"heading.default\">\n\t\t\t\t<div class=\"elementor-widget-container\">\n\t\t\t\t\t<h2 class=\"elementor-heading-title elementor-size-default\">Nuestros servicios:<\/h2>\t\t\t\t<\/div>\n\t\t\t\t<\/div>\n\t\t\t\t<div class=\"elementor-element elementor-element-5c953d6 elementor-widget elementor-widget-html\" data-id=\"5c953d6\" data-element_type=\"widget\" data-e-type=\"widget\" data-widget_type=\"html.default\">\n\t\t\t\t<div class=\"elementor-widget-container\">\n\t\t\t\t\t<section class=\"henco-soluciones-grid\">\n  <div class=\"henco-grid-inner\">\n\n    <a href=\"https:\/\/www.henco.com.mx\/servicios-de-logistica\/\" class=\"henco-card henco-card-mar\" aria-label=\"Transporte Mar\u00edtimo\">\n      <div class=\"henco-card-overlay\"><\/div>\n      <div class=\"henco-card-content\">\n        <h3>Transporte<br>Mar\u00edtimo<\/h3>\n        <span class=\"henco-card-line\"><\/span>\n      <\/div>\n    <\/a>\n\n    <a href=\"https:\/\/www.henco.com.mx\/servicios-de-logistica\/\" class=\"henco-card henco-card-air\" aria-label=\"Transporte A\u00e9reo\">\n      <div class=\"henco-card-overlay\"><\/div>\n      <div class=\"henco-card-content\">\n        <h3>Transporte<br>A\u00e9reo<\/h3>\n        <span class=\"henco-card-line\"><\/span>\n      <\/div>\n    <\/a>\n\n    <a href=https:\/\/www.henco.com.mx\/servicios-de-logistica\/\" class=\"henco-card henco-card-land\" aria-label=\"Transporte Terrestre\">\n      <div class=\"henco-card-overlay\"><\/div>\n      <div class=\"henco-card-content\">\n        <h3>Transporte<br>Terrestre<\/h3>\n        <span class=\"henco-card-line\"><\/span>\n      <\/div>\n    <\/a>\n\n    <a href=\"https:\/\/www.henco.com.mx\/almacenes\/\" class=\"henco-card henco-card-warehouse\" aria-label=\"Soluci\u00f3n de Almacenaje\">\n      <div class=\"henco-card-overlay\"><\/div>\n      <div class=\"henco-card-content\">\n        <h3>Soluci\u00f3n de<br>Almacenaje<\/h3>\n        <span class=\"henco-card-line\"><\/span>\n      <\/div>\n    <\/a>\n\n  <\/div>\n<\/section>\t\t\t\t<\/div>\n\t\t\t\t<\/div>\n\t\t\t\t\t<\/div>\n\t\t<\/div>\n\t\t\t\t\t<\/div>\n\t\t<\/section>\n\t\t\t\t<\/div>\n\t\t","protected":false},"excerpt":{"rendered":"<p>\u00a1Cont\u00e1ctanos hoy mismo! Escr\u00edbenos y d\u00e9janos ayudarte con tus necesidades log\u00edsticas. Estamos para servirte.<\/p>","protected":false},"author":3,"featured_media":13083,"parent":0,"menu_order":0,"comment_status":"closed","ping_status":"closed","template":"","meta":{"footnotes":""},"class_list":["post-9170","page","type-page","status-publish","has-post-thumbnail","hentry"],"yoast_head":"<!-- This site is optimized with the Yoast SEO plugin v27.5 - https:\/\/yoast.com\/product\/yoast-seo-wordpress\/ -->\n<title>Contacto - HENCO<\/title>\n<meta name=\"description\" content=\"\u00a1Cont\u00e1ctanos hoy mismo! Escr\u00edbenos y d\u00e9janos ayudarte con tus necesidades log\u00edsticas. Estamos para servirte.\" \/>\n<meta name=\"robots\" content=\"index, follow, max-snippet:-1, max-image-preview:large, max-video-preview:-1\" \/>\n<link rel=\"canonical\" href=\"https:\/\/www.henco.com.mx\/en\/contacto\/\" \/>\n<meta property=\"og:locale\" content=\"en_US\" \/>\n<meta property=\"og:type\" content=\"article\" \/>\n<meta property=\"og:title\" content=\"Contacto - HENCO\" \/>\n<meta property=\"og:description\" content=\"\u00a1Cont\u00e1ctanos hoy mismo! Escr\u00edbenos y d\u00e9janos ayudarte con tus necesidades log\u00edsticas. Estamos para servirte.\" \/>\n<meta property=\"og:url\" content=\"https:\/\/www.henco.com.mx\/en\/contacto\/\" \/>\n<meta property=\"og:site_name\" content=\"HENCO\" \/>\n<meta property=\"article:publisher\" content=\"https:\/\/www.facebook.com\/hencoglobal\" \/>\n<meta property=\"article:modified_time\" content=\"2026-04-30T17:23:11+00:00\" \/>\n<meta property=\"og:image\" content=\"https:\/\/www.henco.com.mx\/wp-content\/uploads\/2023\/12\/henconnect-servicio.jpg\" \/>\n\t<meta property=\"og:image:width\" content=\"760\" \/>\n\t<meta property=\"og:image:height\" content=\"439\" \/>\n\t<meta property=\"og:image:type\" content=\"image\/jpeg\" \/>\n<meta name=\"twitter:card\" content=\"summary_large_image\" \/>\n<meta name=\"twitter:label1\" content=\"Est. reading time\" \/>\n\t<meta name=\"twitter:data1\" content=\"1 minute\" \/>\n<script type=\"application\/ld+json\" class=\"yoast-schema-graph\">{\"@context\":\"https:\\\/\\\/schema.org\",\"@graph\":[{\"@type\":\"WebPage\",\"@id\":\"https:\\\/\\\/www.henco.com.mx\\\/contacto\\\/\",\"url\":\"https:\\\/\\\/www.henco.com.mx\\\/contacto\\\/\",\"name\":\"Contacto - HENCO\",\"isPartOf\":{\"@id\":\"https:\\\/\\\/www.henco.com.mx\\\/#website\"},\"primaryImageOfPage\":{\"@id\":\"https:\\\/\\\/www.henco.com.mx\\\/contacto\\\/#primaryimage\"},\"image\":{\"@id\":\"https:\\\/\\\/www.henco.com.mx\\\/contacto\\\/#primaryimage\"},\"thumbnailUrl\":\"https:\\\/\\\/www.henco.com.mx\\\/wp-content\\\/uploads\\\/2023\\\/12\\\/henconnect-servicio.jpg\",\"datePublished\":\"2022-07-14T23:29:27+00:00\",\"dateModified\":\"2026-04-30T17:23:11+00:00\",\"description\":\"\u00a1Cont\u00e1ctanos hoy mismo! Escr\u00edbenos y d\u00e9janos ayudarte con tus necesidades log\u00edsticas. Estamos para servirte.\",\"breadcrumb\":{\"@id\":\"https:\\\/\\\/www.henco.com.mx\\\/contacto\\\/#breadcrumb\"},\"inLanguage\":\"en-US\",\"potentialAction\":[{\"@type\":\"ReadAction\",\"target\":[\"https:\\\/\\\/www.henco.com.mx\\\/contacto\\\/\"]}]},{\"@type\":\"ImageObject\",\"inLanguage\":\"en-US\",\"@id\":\"https:\\\/\\\/www.henco.com.mx\\\/contacto\\\/#primaryimage\",\"url\":\"https:\\\/\\\/www.henco.com.mx\\\/wp-content\\\/uploads\\\/2023\\\/12\\\/henconnect-servicio.jpg\",\"contentUrl\":\"https:\\\/\\\/www.henco.com.mx\\\/wp-content\\\/uploads\\\/2023\\\/12\\\/henconnect-servicio.jpg\",\"width\":760,\"height\":439,\"caption\":\"contacto-henco\"},{\"@type\":\"BreadcrumbList\",\"@id\":\"https:\\\/\\\/www.henco.com.mx\\\/contacto\\\/#breadcrumb\",\"itemListElement\":[{\"@type\":\"ListItem\",\"position\":1,\"name\":\"Home\",\"item\":\"https:\\\/\\\/www.henco.com.mx\\\/\"},{\"@type\":\"ListItem\",\"position\":2,\"name\":\"Contacto Henco\"}]},{\"@type\":\"WebSite\",\"@id\":\"https:\\\/\\\/www.henco.com.mx\\\/#website\",\"url\":\"https:\\\/\\\/www.henco.com.mx\\\/\",\"name\":\"Henco\",\"description\":\"Soluciones integrales de log&iacute;stica y transporte\",\"publisher\":{\"@id\":\"https:\\\/\\\/www.henco.com.mx\\\/#organization\"},\"potentialAction\":[{\"@type\":\"SearchAction\",\"target\":{\"@type\":\"EntryPoint\",\"urlTemplate\":\"https:\\\/\\\/www.henco.com.mx\\\/?s={search_term_string}\"},\"query-input\":{\"@type\":\"PropertyValueSpecification\",\"valueRequired\":true,\"valueName\":\"search_term_string\"}}],\"inLanguage\":\"en-US\"},{\"@type\":\"Organization\",\"@id\":\"https:\\\/\\\/www.henco.com.mx\\\/#organization\",\"name\":\"Henco Global\",\"url\":\"https:\\\/\\\/www.henco.com.mx\\\/\",\"logo\":{\"@type\":\"ImageObject\",\"inLanguage\":\"en-US\",\"@id\":\"https:\\\/\\\/www.henco.com.mx\\\/#\\\/schema\\\/logo\\\/image\\\/\",\"url\":\"http:\\\/\\\/www.henco.com.mx\\\/wp-content\\\/uploads\\\/2022\\\/11\\\/logo-henco_blog_blanco.png\",\"contentUrl\":\"http:\\\/\\\/www.henco.com.mx\\\/wp-content\\\/uploads\\\/2022\\\/11\\\/logo-henco_blog_blanco.png\",\"width\":591,\"height\":591,\"caption\":\"Henco Global\"},\"image\":{\"@id\":\"https:\\\/\\\/www.henco.com.mx\\\/#\\\/schema\\\/logo\\\/image\\\/\"},\"sameAs\":[\"https:\\\/\\\/www.facebook.com\\\/hencoglobal\",\"https:\\\/\\\/www.instagram.com\\\/hencoglobal\\\/\",\"https:\\\/\\\/www.linkedin.com\\\/company\\\/henco-logistics\\\/\"]}]}<\/script>\n<!-- \/ Yoast SEO plugin. -->","yoast_head_json":{"title":"Contacto - HENCO","description":"\u00a1Cont\u00e1ctanos hoy mismo! Escr\u00edbenos y d\u00e9janos ayudarte con tus necesidades log\u00edsticas. Estamos para servirte.","robots":{"index":"index","follow":"follow","max-snippet":"max-snippet:-1","max-image-preview":"max-image-preview:large","max-video-preview":"max-video-preview:-1"},"canonical":"https:\/\/www.henco.com.mx\/en\/contacto\/","og_locale":"en_US","og_type":"article","og_title":"Contacto - HENCO","og_description":"\u00a1Cont\u00e1ctanos hoy mismo! Escr\u00edbenos y d\u00e9janos ayudarte con tus necesidades log\u00edsticas. Estamos para servirte.","og_url":"https:\/\/www.henco.com.mx\/en\/contacto\/","og_site_name":"HENCO","article_publisher":"https:\/\/www.facebook.com\/hencoglobal","article_modified_time":"2026-04-30T17:23:11+00:00","og_image":[{"width":760,"height":439,"url":"https:\/\/www.henco.com.mx\/wp-content\/uploads\/2023\/12\/henconnect-servicio.jpg","type":"image\/jpeg"}],"twitter_card":"summary_large_image","twitter_misc":{"Est. reading time":"1 minute"},"schema":{"@context":"https:\/\/schema.org","@graph":[{"@type":"WebPage","@id":"https:\/\/www.henco.com.mx\/contacto\/","url":"https:\/\/www.henco.com.mx\/contacto\/","name":"Contacto - HENCO","isPartOf":{"@id":"https:\/\/www.henco.com.mx\/#website"},"primaryImageOfPage":{"@id":"https:\/\/www.henco.com.mx\/contacto\/#primaryimage"},"image":{"@id":"https:\/\/www.henco.com.mx\/contacto\/#primaryimage"},"thumbnailUrl":"https:\/\/www.henco.com.mx\/wp-content\/uploads\/2023\/12\/henconnect-servicio.jpg","datePublished":"2022-07-14T23:29:27+00:00","dateModified":"2026-04-30T17:23:11+00:00","description":"\u00a1Cont\u00e1ctanos hoy mismo! Escr\u00edbenos y d\u00e9janos ayudarte con tus necesidades log\u00edsticas. Estamos para servirte.","breadcrumb":{"@id":"https:\/\/www.henco.com.mx\/contacto\/#breadcrumb"},"inLanguage":"en-US","potentialAction":[{"@type":"ReadAction","target":["https:\/\/www.henco.com.mx\/contacto\/"]}]},{"@type":"ImageObject","inLanguage":"en-US","@id":"https:\/\/www.henco.com.mx\/contacto\/#primaryimage","url":"https:\/\/www.henco.com.mx\/wp-content\/uploads\/2023\/12\/henconnect-servicio.jpg","contentUrl":"https:\/\/www.henco.com.mx\/wp-content\/uploads\/2023\/12\/henconnect-servicio.jpg","width":760,"height":439,"caption":"contacto-henco"},{"@type":"BreadcrumbList","@id":"https:\/\/www.henco.com.mx\/contacto\/#breadcrumb","itemListElement":[{"@type":"ListItem","position":1,"name":"Home","item":"https:\/\/www.henco.com.mx\/"},{"@type":"ListItem","position":2,"name":"Contacto Henco"}]},{"@type":"WebSite","@id":"https:\/\/www.henco.com.mx\/#website","url":"https:\/\/www.henco.com.mx\/","name":"Henco","description":"Soluciones integrales de log&iacute;stica y transporte","publisher":{"@id":"https:\/\/www.henco.com.mx\/#organization"},"potentialAction":[{"@type":"SearchAction","target":{"@type":"EntryPoint","urlTemplate":"https:\/\/www.henco.com.mx\/?s={search_term_string}"},"query-input":{"@type":"PropertyValueSpecification","valueRequired":true,"valueName":"search_term_string"}}],"inLanguage":"en-US"},{"@type":"Organization","@id":"https:\/\/www.henco.com.mx\/#organization","name":"Henco Global","url":"https:\/\/www.henco.com.mx\/","logo":{"@type":"ImageObject","inLanguage":"en-US","@id":"https:\/\/www.henco.com.mx\/#\/schema\/logo\/image\/","url":"https:\/\/www.henco.com.mx\/wp-content\/uploads\/2022\/11\/logo-henco_blog_blanco.png","contentUrl":"https:\/\/www.henco.com.mx\/wp-content\/uploads\/2022\/11\/logo-henco_blog_blanco.png","width":591,"height":591,"caption":"Henco Global"},"image":{"@id":"https:\/\/www.henco.com.mx\/#\/schema\/logo\/image\/"},"sameAs":["https:\/\/www.facebook.com\/hencoglobal","https:\/\/www.instagram.com\/hencoglobal\/","https:\/\/www.linkedin.com\/company\/henco-logistics\/"]}]}},"_links":{"self":[{"href":"https:\/\/www.henco.com.mx\/en\/wp-json\/wp\/v2\/pages\/9170","targetHints":{"allow":["GET"]}}],"collection":[{"href":"https:\/\/www.henco.com.mx\/en\/wp-json\/wp\/v2\/pages"}],"about":[{"href":"https:\/\/www.henco.com.mx\/en\/wp-json\/wp\/v2\/types\/page"}],"author":[{"embeddable":true,"href":"https:\/\/www.henco.com.mx\/en\/wp-json\/wp\/v2\/users\/3"}],"replies":[{"embeddable":true,"href":"https:\/\/www.henco.com.mx\/en\/wp-json\/wp\/v2\/comments?post=9170"}],"version-history":[{"count":3,"href":"https:\/\/www.henco.com.mx\/en\/wp-json\/wp\/v2\/pages\/9170\/revisions"}],"predecessor-version":[{"id":16461,"href":"https:\/\/www.henco.com.mx\/en\/wp-json\/wp\/v2\/pages\/9170\/revisions\/16461"}],"wp:featuredmedia":[{"embeddable":true,"href":"https:\/\/www.henco.com.mx\/en\/wp-json\/wp\/v2\/media\/13083"}],"wp:attachment":[{"href":"https:\/\/www.henco.com.mx\/en\/wp-json\/wp\/v2\/media?parent=9170"}],"curies":[{"name":"wp","href":"https:\/\/api.w.org\/{rel}","templated":true}]}}